{"id":8,"date":"2025-11-18T22:06:50","date_gmt":"2025-11-18T22:06:50","guid":{"rendered":"https:\/\/michanterestaurante.com\/landing\/?page_id=8"},"modified":"2025-11-20T23:59:50","modified_gmt":"2025-11-20T23:59:50","slug":"inicio","status":"publish","type":"page","link":"https:\/\/michanterestaurante.com\/landing\/","title":{"rendered":"Inicio"},"content":{"rendered":"<p>[et_pb_section fb_built=&#8221;1&#8243; _builder_version=&#8221;4.27.4&#8243; _module_preset=&#8221;default&#8221; background_image=&#8221;https:\/\/michanterestaurante.com\/landing\/wp-content\/uploads\/2025\/11\/michante-banner.jpg&#8221; background_position=&#8221;top_center&#8221; custom_padding=&#8221;11px||7px|||&#8221; global_colors_info=&#8221;{}&#8221;][et_pb_row _builder_version=&#8221;4.27.4&#8243; _module_preset=&#8221;default&#8221; custom_padding=&#8221;9px|||||&#8221; global_colors_info=&#8221;{}&#8221;][et_pb_column type=&#8221;4_4&#8243; _builder_version=&#8221;4.27.4&#8243; _module_preset=&#8221;default&#8221; global_colors_info=&#8221;{}&#8221;][et_pb_image src=&#8221;https:\/\/michanterestaurante.com\/landing\/wp-content\/uploads\/2025\/11\/michante-banner-elements-01.png&#8221; alt=&#8221;Mi Chante Posadas&#8221; title_text=&#8221;Mi Chante Posadas&#8221; align=&#8221;center&#8221; _builder_version=&#8221;4.27.4&#8243; _module_preset=&#8221;default&#8221; width=&#8221;100%&#8221; max_width=&#8221;100%&#8221; max_width_tablet=&#8221;100%&#8221; max_width_phone=&#8221;41%&#8221; max_width_last_edited=&#8221;on|phone&#8221; module_alignment=&#8221;center&#8221; global_colors_info=&#8221;{}&#8221;][\/et_pb_image][et_pb_image src=&#8221;https:\/\/michanterestaurante.com\/landing\/wp-content\/uploads\/2025\/11\/michante-banner-elements-02-e1763590393598.png&#8221; alt=&#8221;Mi Chante Posadas&#8221; title_text=&#8221;Mi Chante Posadas&#8221; align=&#8221;center&#8221; _builder_version=&#8221;4.27.4&#8243; _module_preset=&#8221;default&#8221; global_colors_info=&#8221;{}&#8221;][\/et_pb_image][et_pb_text _builder_version=&#8221;4.27.4&#8243; _module_preset=&#8221;default&#8221; text_font=&#8221;|700|||||||&#8221; text_text_color=&#8221;#FFFFFF&#8221; custom_margin=&#8221;||1px|||&#8221; global_colors_info=&#8221;{}&#8221;]<\/p>\n<p style=\"text-align: center;\">Scroll<\/p>\n<p>[\/et_pb_text][et_pb_blurb url=&#8221;#scroll&#8221; use_icon=&#8221;on&#8221; font_icon=&#8221;&#x37;||divi||400&#8243; icon_color=&#8221;#FFFFFF&#8221; image_icon_width=&#8221;55px&#8221; _builder_version=&#8221;4.27.4&#8243; _module_preset=&#8221;default&#8221; custom_margin=&#8221;||-16px||false|false&#8221; custom_padding=&#8221;5px||0px|||&#8221; animation_style=&#8221;slide&#8221; animation_direction=&#8221;top&#8221; animation_duration=&#8221;700ms&#8221; animation_intensity_slide=&#8221;10%&#8221; animation_starting_opacity=&#8221;50%&#8221; animation_repeat=&#8221;loop&#8221; custom_css_main_element=&#8221;\/* Smooth loop effect *\/||animation-direction: alternate;||||\/* Force full opacity always *\/||opacity: 1 !important;&#8221; global_colors_info=&#8221;{}&#8221;][\/et_pb_blurb][et_pb_image src=&#8221;https:\/\/michanterestaurante.com\/landing\/wp-content\/uploads\/2025\/11\/michante-banner-elements-03.png&#8221; alt=&#8221;Mi Chante Posadas&#8221; title_text=&#8221;Mi Chante Posadas&#8221; align=&#8221;center&#8221; disabled_on=&#8221;off|off|off&#8221; _builder_version=&#8221;4.27.4&#8243; _module_preset=&#8221;default&#8221; global_colors_info=&#8221;{}&#8221;][\/et_pb_image][\/et_pb_column][\/et_pb_row][\/et_pb_section][et_pb_section fb_built=&#8221;1&#8243; module_id=&#8221;scroll&#8221; _builder_version=&#8221;4.27.4&#8243; _module_preset=&#8221;default&#8221; background_color=&#8221;#9f722e&#8221; custom_padding=&#8221;12px||15px|||&#8221; global_colors_info=&#8221;{}&#8221;][et_pb_row _builder_version=&#8221;4.27.4&#8243; _module_preset=&#8221;default&#8221; width=&#8221;90%&#8221; custom_padding=&#8221;||8px|||&#8221; global_colors_info=&#8221;{}&#8221;][et_pb_column type=&#8221;4_4&#8243; _builder_version=&#8221;4.27.4&#8243; _module_preset=&#8221;default&#8221; global_colors_info=&#8221;{}&#8221;][et_pb_text _builder_version=&#8221;4.27.4&#8243; _module_preset=&#8221;default&#8221; header_4_text_align=&#8221;center&#8221; header_4_text_color=&#8221;#ffe6bd&#8221; header_4_line_height=&#8221;1.2em&#8221; global_colors_info=&#8221;{}&#8221;]<\/p>\n<h4><strong>Pedidos disponibles del 24 de noviembre al 28 de diciembre.<\/strong><\/h4>\n<p>[\/et_pb_text][et_pb_image src=&#8221;https:\/\/michanterestaurante.com\/landing\/wp-content\/uploads\/2025\/11\/michante-pidelos-para-llevar.png&#8221; alt=&#8221;Mi Chante Posadas&#8221; title_text=&#8221;Mi Chante Posadas&#8221; url=&#8221;https:\/\/api.whatsapp.com\/send?phone=526644052663&#038;text=Me+interesa+m%C3%A1s+informaci%C3%B3n+sobre+posadas&#8221; url_new_window=&#8221;on&#8221; align=&#8221;center&#8221; _builder_version=&#8221;4.27.4&#8243; _module_preset=&#8221;default&#8221; global_colors_info=&#8221;{}&#8221;][\/et_pb_image][et_pb_text _builder_version=&#8221;4.27.4&#8243; _module_preset=&#8221;default&#8221; header_4_text_align=&#8221;center&#8221; header_4_text_color=&#8221;#ffe6bd&#8221; header_4_line_height=&#8221;1.2em&#8221; global_colors_info=&#8221;{}&#8221;]<\/p>\n<h4><strong>Tenemos 3 paquetes navide\u00f1os a escoger, <\/strong>con platillos principales como:<\/h4>\n<p>[\/et_pb_text][\/et_pb_column][\/et_pb_row][\/et_pb_section][et_pb_section fb_built=&#8221;1&#8243; _builder_version=&#8221;4.27.4&#8243; _module_preset=&#8221;default&#8221; background_color=&#8221;#9f722e&#8221; custom_margin=&#8221;0px|0px|0px|0px|false|false&#8221; custom_padding=&#8221;0px|0px|0px|0px|false|false&#8221; global_colors_info=&#8221;{}&#8221;][et_pb_row _builder_version=&#8221;4.27.4&#8243; _module_preset=&#8221;default&#8221; width=&#8221;100%&#8221; max_width=&#8221;100%&#8221; custom_margin=&#8221;0px|0px|0px|0px|false|false&#8221; custom_padding=&#8221;0px|0px|0px|0px|false|false&#8221; global_colors_info=&#8221;{}&#8221;][et_pb_column type=&#8221;4_4&#8243; _builder_version=&#8221;4.27.4&#8243; _module_preset=&#8221;default&#8221; global_colors_info=&#8221;{}&#8221;][et_pb_image src=&#8221;https:\/\/michanterestaurante.com\/landing\/wp-content\/uploads\/2025\/11\/ver-paquetes-3.png&#8221; alt=&#8221;Mi Chante Posadas&#8221; title_text=&#8221;Mi Chante Posadas&#8221; url=&#8221;https:\/\/michanterestaurante.com\/landing\/wp-content\/uploads\/2025\/11\/PAQUETES-NAVIDENOS-2025.pdf&#8221; align=&#8221;center&#8221; _builder_version=&#8221;4.27.4&#8243; _module_preset=&#8221;default&#8221; hover_enabled=&#8221;0&#8243; global_colors_info=&#8221;{}&#8221; sticky_enabled=&#8221;0&#8243;][\/et_pb_image][\/et_pb_column][\/et_pb_row][et_pb_row _builder_version=&#8221;4.27.4&#8243; _module_preset=&#8221;default&#8221; custom_padding=&#8221;11px|||||&#8221; global_colors_info=&#8221;{}&#8221;][et_pb_column type=&#8221;4_4&#8243; _builder_version=&#8221;4.27.4&#8243; _module_preset=&#8221;default&#8221; global_colors_info=&#8221;{}&#8221;][et_pb_text _builder_version=&#8221;4.27.4&#8243; _module_preset=&#8221;default&#8221; header_4_text_align=&#8221;center&#8221; header_4_text_color=&#8221;#ffe6bd&#8221; header_4_line_height=&#8221;1.2em&#8221; global_colors_info=&#8221;{}&#8221;]<\/p>\n<h4><strong>Reserva con el 50%<\/strong><\/h4>\n<h4>Todos los paquetes incluyen complemento y postre.<\/h4>\n<p>[\/et_pb_text][\/et_pb_column][\/et_pb_row][\/et_pb_section][et_pb_section fb_built=&#8221;1&#8243; _builder_version=&#8221;4.27.4&#8243; _module_preset=&#8221;default&#8221; background_color=&#8221;#000000&#8243; custom_padding=&#8221;14px||1px|||&#8221; global_colors_info=&#8221;{}&#8221;][et_pb_row _builder_version=&#8221;4.27.4&#8243; _module_preset=&#8221;default&#8221; custom_padding=&#8221;12px|||||&#8221; global_colors_info=&#8221;{}&#8221;][et_pb_column type=&#8221;4_4&#8243; _builder_version=&#8221;4.27.4&#8243; _module_preset=&#8221;default&#8221; global_colors_info=&#8221;{}&#8221;][et_pb_image src=&#8221;https:\/\/michanterestaurante.com\/landing\/wp-content\/uploads\/2025\/11\/salon-michante-posadas-2.png&#8221; alt=&#8221;Mi Chante Posadas Sal\u00f3n&#8221; title_text=&#8221;Mi Chante Posadas Sal\u00f3n&#8221; align=&#8221;center&#8221; _builder_version=&#8221;4.27.4&#8243; _module_preset=&#8221;default&#8221; global_colors_info=&#8221;{}&#8221;][\/et_pb_image][et_pb_text _builder_version=&#8221;4.27.4&#8243; _module_preset=&#8221;default&#8221; header_4_text_align=&#8221;center&#8221; header_4_text_color=&#8221;#ffe6bd&#8221; header_4_line_height=&#8221;1.2em&#8221; global_colors_info=&#8221;{}&#8221;]<\/p>\n<h4>Celebra tu posada en Mi Chante Restaurante. Reservaciones a partir de 25 personas.<\/h4>\n<p>[\/et_pb_text][et_pb_image src=&#8221;https:\/\/michanterestaurante.com\/landing\/wp-content\/uploads\/2025\/11\/salon-michante-opciones.png&#8221; alt=&#8221;Mi Chante Posadas Sal\u00f3n&#8221; title_text=&#8221;Mi Chante Posadas Sal\u00f3n&#8221; align=&#8221;center&#8221; _builder_version=&#8221;4.27.4&#8243; _module_preset=&#8221;default&#8221; global_colors_info=&#8221;{}&#8221;][\/et_pb_image][et_pb_text _builder_version=&#8221;4.27.4&#8243; _module_preset=&#8221;default&#8221; text_font=&#8221;|700|||||||&#8221; text_text_color=&#8221;#ffe6bd&#8221; custom_margin=&#8221;||0px|||&#8221; global_colors_info=&#8221;{}&#8221;]<\/p>\n<p style=\"text-align: center;\">M\u00e1ndanos un mensaje para m\u00e1s informaci\u00f3n<\/p>\n<p>[\/et_pb_text][et_pb_blurb use_icon=&#8221;on&#8221; font_icon=&#8221;&#x37;||divi||400&#8243; icon_color=&#8221;#FFFFFF&#8221; image_icon_width=&#8221;55px&#8221; _builder_version=&#8221;4.27.4&#8243; _module_preset=&#8221;default&#8221; custom_margin=&#8221;||-16px||false|false&#8221; custom_padding=&#8221;9px||0px|||&#8221; animation_style=&#8221;slide&#8221; animation_direction=&#8221;top&#8221; animation_duration=&#8221;700ms&#8221; animation_intensity_slide=&#8221;10%&#8221; animation_starting_opacity=&#8221;50%&#8221; animation_repeat=&#8221;loop&#8221; custom_css_main_element=&#8221;\/* Smooth loop effect *\/||animation-direction: alternate;||||\/* Force full opacity always *\/||opacity: 1 !important;&#8221; locked=&#8221;off&#8221; global_colors_info=&#8221;{}&#8221;][\/et_pb_blurb][\/et_pb_column][\/et_pb_row][\/et_pb_section]<\/p>\n","protected":false},"excerpt":{"rendered":"<p>ScrollPedidos disponibles del 24 de noviembre al 28 de diciembre.Tenemos 3 paquetes navide\u00f1os a escoger, con platillos principales como:Reserva con el 50% Todos los paquetes incluyen complemento y postre.Celebra tu posada en Mi Chante Restaurante. Reservaciones a partir de 25 personas.M\u00e1ndanos un mensaje para m\u00e1s informaci\u00f3n<\/p>\n","protected":false},"author":1,"featured_media":0,"parent":0,"menu_order":0,"comment_status":"closed","ping_status":"closed","template":"","meta":{"_et_pb_use_builder":"on","_et_pb_old_content":"","_et_gb_content_width":"","footnotes":""},"class_list":["post-8","page","type-page","status-publish","hentry"],"_links":{"self":[{"href":"https:\/\/michanterestaurante.com\/landing\/wp-json\/wp\/v2\/pages\/8","targetHints":{"allow":["GET"]}}],"collection":[{"href":"https:\/\/michanterestaurante.com\/landing\/wp-json\/wp\/v2\/pages"}],"about":[{"href":"https:\/\/michanterestaurante.com\/landing\/wp-json\/wp\/v2\/types\/page"}],"author":[{"embeddable":true,"href":"https:\/\/michanterestaurante.com\/landing\/wp-json\/wp\/v2\/users\/1"}],"replies":[{"embeddable":true,"href":"https:\/\/michanterestaurante.com\/landing\/wp-json\/wp\/v2\/comments?post=8"}],"version-history":[{"count":0,"href":"https:\/\/michanterestaurante.com\/landing\/wp-json\/wp\/v2\/pages\/8\/revisions"}],"wp:attachment":[{"href":"https:\/\/michanterestaurante.com\/landing\/wp-json\/wp\/v2\/media?parent=8"}],"curies":[{"name":"wp","href":"https:\/\/api.w.org\/{rel}","templated":true}]}}